{"id":1004,"date":"2022-07-10T06:49:06","date_gmt":"2022-07-10T06:49:06","guid":{"rendered":"https:\/\/vergissmeinnicht-bitterfeld.de\/?page_id=1004"},"modified":"2022-07-10T07:51:12","modified_gmt":"2022-07-10T07:51:12","slug":"gartenfest-2022","status":"publish","type":"page","link":"https:\/\/vergissmeinnicht-bitterfeld.de\/?page_id=1004","title":{"rendered":"Gartenfest 2022"},"content":{"rendered":"\n<div class=\"wp-block-columns is-layout-flex wp-container-core-columns-layout-1 wp-block-columns-is-layout-flex\">\n<div class=\"wp-block-column is-layout-flow wp-block-column-is-layout-flow\">\n<figure class=\"wp-block-image size-large is-resized\"><a href=\"https:\/\/vergissmeinnicht-bitterfeld.de\/wp-content\/uploads\/2022\/07\/01Dietmar-Ansprache-scaled-e1657432930757.jpg\"><img loading=\"lazy\" decoding=\"async\" src=\"https:\/\/vergissmeinnicht-bitterfeld.de\/wp-content\/uploads\/2022\/07\/01Dietmar-Ansprache-1024x650.jpg\" alt=\"\" class=\"wp-image-1130\" width=\"840\" height=\"533\"\/><\/a><figcaption>Endlich war es wieder so weit. Wir konnten nach zweij\u00e4hriger Pause wegen Corona unser traditionelles Gartenfest er\u00f6ffnen und zwar vom 24. bis 26. Juni. Unser Vereinsvorsitzender Dietmar Mengel hielt die Ansprache, leider vor nur wenigen Vereinsmitgliedern und G\u00e4sten.<\/figcaption><\/figure>\n<\/div>\n<\/div>\n\n\n<div id=\"gallery-1\" data-slideshowSpeed=\"2500\"  class=\"gallery-photo-box gallery-photos-box gallery galleryid-1004 gallery-columns-3 clearfix\"><div class=\"gallery-row clearfix\"><div class=\"gallery-image gallery-image-1 gallery-image-i-1\"><a class=\"photobox\" rel=\"gallery1\" title=\"\" href=\"https:\/\/vergissmeinnicht-bitterfeld.de\/wp-content\/uploads\/2022\/07\/02Darth.jpg\"><img loading=\"lazy\" decoding=\"async\" width=\"300\" height=\"200\" src=\"https:\/\/vergissmeinnicht-bitterfeld.de\/wp-content\/uploads\/2022\/07\/02Darth-300x200.jpg\" class=\"attachment-medium size-medium\" alt=\"\" srcset=\"https:\/\/vergissmeinnicht-bitterfeld.de\/wp-content\/uploads\/2022\/07\/02Darth-300x200.jpg 300w, https:\/\/vergissmeinnicht-bitterfeld.de\/wp-content\/uploads\/2022\/07\/02Darth-1024x683.jpg 1024w, https:\/\/vergissmeinnicht-bitterfeld.de\/wp-content\/uploads\/2022\/07\/02Darth-768x512.jpg 768w, https:\/\/vergissmeinnicht-bitterfeld.de\/wp-content\/uploads\/2022\/07\/02Darth-1536x1024.jpg 1536w, https:\/\/vergissmeinnicht-bitterfeld.de\/wp-content\/uploads\/2022\/07\/02Darth-2048x1365.jpg 2048w\" sizes=\"(max-width: 300px) 100vw, 300px\" \/><\/a><\/div><div class=\"gallery-image gallery-image-2 gallery-image-i-2\"><a class=\"photobox\" rel=\"gallery1\" title=\"\" href=\"https:\/\/vergissmeinnicht-bitterfeld.de\/wp-content\/uploads\/2022\/07\/05Ponykutsch.jpg\"><img loading=\"lazy\" decoding=\"async\" width=\"300\" height=\"200\" src=\"https:\/\/vergissmeinnicht-bitterfeld.de\/wp-content\/uploads\/2022\/07\/05Ponykutsch-300x200.jpg\" class=\"attachment-medium size-medium\" alt=\"\" srcset=\"https:\/\/vergissmeinnicht-bitterfeld.de\/wp-content\/uploads\/2022\/07\/05Ponykutsch-300x200.jpg 300w, https:\/\/vergissmeinnicht-bitterfeld.de\/wp-content\/uploads\/2022\/07\/05Ponykutsch-1024x683.jpg 1024w, https:\/\/vergissmeinnicht-bitterfeld.de\/wp-content\/uploads\/2022\/07\/05Ponykutsch-768x512.jpg 768w, https:\/\/vergissmeinnicht-bitterfeld.de\/wp-content\/uploads\/2022\/07\/05Ponykutsch-1536x1024.jpg 1536w, https:\/\/vergissmeinnicht-bitterfeld.de\/wp-content\/uploads\/2022\/07\/05Ponykutsch-2048x1365.jpg 2048w\" sizes=\"(max-width: 300px) 100vw, 300px\" \/><\/a><\/div><div class=\"gallery-image gallery-image-3 gallery-image-i-3\"><a class=\"photobox\" rel=\"gallery1\" title=\"\" href=\"https:\/\/vergissmeinnicht-bitterfeld.de\/wp-content\/uploads\/2022\/07\/04Huepfburg.jpg\"><img loading=\"lazy\" decoding=\"async\" width=\"300\" height=\"200\" src=\"https:\/\/vergissmeinnicht-bitterfeld.de\/wp-content\/uploads\/2022\/07\/04Huepfburg-300x200.jpg\" class=\"attachment-medium size-medium\" alt=\"\" srcset=\"https:\/\/vergissmeinnicht-bitterfeld.de\/wp-content\/uploads\/2022\/07\/04Huepfburg-300x200.jpg 300w, https:\/\/vergissmeinnicht-bitterfeld.de\/wp-content\/uploads\/2022\/07\/04Huepfburg-1024x683.jpg 1024w, https:\/\/vergissmeinnicht-bitterfeld.de\/wp-content\/uploads\/2022\/07\/04Huepfburg-768x512.jpg 768w, https:\/\/vergissmeinnicht-bitterfeld.de\/wp-content\/uploads\/2022\/07\/04Huepfburg-1536x1024.jpg 1536w, https:\/\/vergissmeinnicht-bitterfeld.de\/wp-content\/uploads\/2022\/07\/04Huepfburg-2048x1365.jpg 2048w\" sizes=\"(max-width: 300px) 100vw, 300px\" \/><\/a><\/div><br style=\"clear:both;\" \/><\/div><div class=\"gallery-row clearfix\"><div class=\"gallery-image gallery-image-1 gallery-image-i-4\"><a class=\"photobox\" rel=\"gallery1\" title=\"\" href=\"https:\/\/vergissmeinnicht-bitterfeld.de\/wp-content\/uploads\/2022\/07\/03kegeln.jpg\"><img loading=\"lazy\" decoding=\"async\" width=\"300\" height=\"200\" src=\"https:\/\/vergissmeinnicht-bitterfeld.de\/wp-content\/uploads\/2022\/07\/03kegeln-300x200.jpg\" class=\"attachment-medium size-medium\" alt=\"\" srcset=\"https:\/\/vergissmeinnicht-bitterfeld.de\/wp-content\/uploads\/2022\/07\/03kegeln-300x200.jpg 300w, https:\/\/vergissmeinnicht-bitterfeld.de\/wp-content\/uploads\/2022\/07\/03kegeln-1024x683.jpg 1024w, https:\/\/vergissmeinnicht-bitterfeld.de\/wp-content\/uploads\/2022\/07\/03kegeln-768x512.jpg 768w, https:\/\/vergissmeinnicht-bitterfeld.de\/wp-content\/uploads\/2022\/07\/03kegeln-1536x1024.jpg 1536w, https:\/\/vergissmeinnicht-bitterfeld.de\/wp-content\/uploads\/2022\/07\/03kegeln-2048x1365.jpg 2048w\" sizes=\"(max-width: 300px) 100vw, 300px\" \/><\/a><\/div><div class=\"gallery-image gallery-image-2 gallery-image-i-5\"><a class=\"photobox\" rel=\"gallery1\" title=\"\" href=\"https:\/\/vergissmeinnicht-bitterfeld.de\/wp-content\/uploads\/2022\/07\/05Schankwagen.jpg\"><img loading=\"lazy\" decoding=\"async\" width=\"300\" height=\"200\" src=\"https:\/\/vergissmeinnicht-bitterfeld.de\/wp-content\/uploads\/2022\/07\/05Schankwagen-300x200.jpg\" class=\"attachment-medium size-medium\" alt=\"\" srcset=\"https:\/\/vergissmeinnicht-bitterfeld.de\/wp-content\/uploads\/2022\/07\/05Schankwagen-300x200.jpg 300w, https:\/\/vergissmeinnicht-bitterfeld.de\/wp-content\/uploads\/2022\/07\/05Schankwagen-1024x683.jpg 1024w, https:\/\/vergissmeinnicht-bitterfeld.de\/wp-content\/uploads\/2022\/07\/05Schankwagen-768x512.jpg 768w, https:\/\/vergissmeinnicht-bitterfeld.de\/wp-content\/uploads\/2022\/07\/05Schankwagen-1536x1024.jpg 1536w, https:\/\/vergissmeinnicht-bitterfeld.de\/wp-content\/uploads\/2022\/07\/05Schankwagen-2048x1365.jpg 2048w\" sizes=\"(max-width: 300px) 100vw, 300px\" \/><\/a><\/div><br style=\"clear:both;\" \/><\/div><\/div><!-- create at http:\/\/photoboxone.com -->\n<p>F\u00fcr Gro\u00df und Klein gab es Dart, Kegeln, Ponykutschfahrten und f\u00fcr die ganz Kleinen eine H\u00fcpfburg. Nat\u00fcrlich wurde auch f\u00fcrs leibliche Wohl gesorgt. Es gab allerlei vom Grill, Suppe aus der Gulaschkanone, Getr\u00e4nke, Eis und Kuchen vom Kuchenbasar. <span style=\"font-size: revert; color: initial;\">Bei den Spielen wurde aktiv um die besten Pl\u00e4tze gek\u00e4mpft.<\/span><\/p>\n<div id=\"gallery-2\" data-slideshowSpeed=\"2500\"  class=\"gallery-photo-box gallery-photos-box gallery galleryid-1004 gallery-columns-3 clearfix\"><div class=\"gallery-row clearfix\"><div class=\"gallery-image gallery-image-1 gallery-image-i-1\"><a class=\"photobox\" rel=\"gallery2\" title=\"\" href=\"https:\/\/vergissmeinnicht-bitterfeld.de\/wp-content\/uploads\/2022\/07\/05Schankwagen.jpg\"><img loading=\"lazy\" decoding=\"async\" width=\"150\" height=\"150\" src=\"https:\/\/vergissmeinnicht-bitterfeld.de\/wp-content\/uploads\/2022\/07\/05Schankwagen-150x150.jpg\" class=\"attachment-thumbnail size-thumbnail\" alt=\"\" \/><\/a><\/div><div class=\"gallery-image gallery-image-2 gallery-image-i-2\"><a class=\"photobox\" rel=\"gallery2\" title=\"10 G\u00e4ste Sonnabend vor1\" href=\"https:\/\/vergissmeinnicht-bitterfeld.de\/wp-content\/uploads\/2022\/07\/10-Gaeste-Sonnabend-vor1.jpg\"><img loading=\"lazy\" decoding=\"async\" width=\"150\" height=\"150\" src=\"https:\/\/vergissmeinnicht-bitterfeld.de\/wp-content\/uploads\/2022\/07\/10-Gaeste-Sonnabend-vor1-150x150.jpg\" class=\"attachment-thumbnail size-thumbnail\" alt=\"\" \/><\/a><\/div><div class=\"gallery-image gallery-image-3 gallery-image-i-3\"><a class=\"photobox\" rel=\"gallery2\" title=\"\" href=\"https:\/\/vergissmeinnicht-bitterfeld.de\/wp-content\/uploads\/2022\/07\/11-Gaeste-Sonnabend-vor2.jpg\"><img loading=\"lazy\" decoding=\"async\" width=\"150\" height=\"150\" src=\"https:\/\/vergissmeinnicht-bitterfeld.de\/wp-content\/uploads\/2022\/07\/11-Gaeste-Sonnabend-vor2-150x150.jpg\" class=\"attachment-thumbnail size-thumbnail\" alt=\"\" \/><\/a><\/div><br style=\"clear:both;\" \/><\/div><div class=\"gallery-row clearfix\"><div class=\"gallery-image gallery-image-1 gallery-image-i-4\"><a class=\"photobox\" rel=\"gallery2\" title=\"\" href=\"https:\/\/vergissmeinnicht-bitterfeld.de\/wp-content\/uploads\/2022\/07\/20-Hausmeister-Krause.jpg\"><img loading=\"lazy\" decoding=\"async\" width=\"150\" height=\"150\" src=\"https:\/\/vergissmeinnicht-bitterfeld.de\/wp-content\/uploads\/2022\/07\/20-Hausmeister-Krause-150x150.jpg\" class=\"attachment-thumbnail size-thumbnail\" alt=\"\" \/><\/a><\/div><div class=\"gallery-image gallery-image-2 gallery-image-i-5\"><a class=\"photobox\" rel=\"gallery2\" title=\"\" href=\"https:\/\/vergissmeinnicht-bitterfeld.de\/wp-content\/uploads\/2022\/07\/30Frank-Saenger.jpg\"><img loading=\"lazy\" decoding=\"async\" width=\"150\" height=\"150\" src=\"https:\/\/vergissmeinnicht-bitterfeld.de\/wp-content\/uploads\/2022\/07\/30Frank-Saenger-150x150.jpg\" class=\"attachment-thumbnail size-thumbnail\" alt=\"\" \/><\/a><\/div><div class=\"gallery-image gallery-image-3 gallery-image-i-6\"><a class=\"photobox\" rel=\"gallery2\" title=\"\" href=\"https:\/\/vergissmeinnicht-bitterfeld.de\/wp-content\/uploads\/2022\/07\/31gaeste-Sonnabend-mit1.jpg\"><img loading=\"lazy\" decoding=\"async\" width=\"150\" height=\"150\" src=\"https:\/\/vergissmeinnicht-bitterfeld.de\/wp-content\/uploads\/2022\/07\/31gaeste-Sonnabend-mit1-150x150.jpg\" class=\"attachment-thumbnail size-thumbnail\" alt=\"\" \/><\/a><\/div><br style=\"clear:both;\" \/><\/div><div class=\"gallery-row clearfix\"><div class=\"gallery-image gallery-image-1 gallery-image-i-7\"><a class=\"photobox\" rel=\"gallery2\" title=\"\" href=\"https:\/\/vergissmeinnicht-bitterfeld.de\/wp-content\/uploads\/2022\/07\/32gaeste-Sonnabend-mit2.jpg\"><img loading=\"lazy\" decoding=\"async\" width=\"150\" height=\"150\" src=\"https:\/\/vergissmeinnicht-bitterfeld.de\/wp-content\/uploads\/2022\/07\/32gaeste-Sonnabend-mit2-150x150.jpg\" class=\"attachment-thumbnail size-thumbnail\" alt=\"\" \/><\/a><\/div><div class=\"gallery-image gallery-image-2 gallery-image-i-8\"><a class=\"photobox\" rel=\"gallery2\" title=\"\" href=\"https:\/\/vergissmeinnicht-bitterfeld.de\/wp-content\/uploads\/2022\/07\/33gaeste-Sonnabend-mit3.jpg\"><img loading=\"lazy\" decoding=\"async\" width=\"150\" height=\"150\" src=\"https:\/\/vergissmeinnicht-bitterfeld.de\/wp-content\/uploads\/2022\/07\/33gaeste-Sonnabend-mit3-150x150.jpg\" class=\"attachment-thumbnail size-thumbnail\" alt=\"\" \/><\/a><\/div><div class=\"gallery-image gallery-image-3 gallery-image-i-9\"><a class=\"photobox\" rel=\"gallery2\" title=\"\" href=\"https:\/\/vergissmeinnicht-bitterfeld.de\/wp-content\/uploads\/2022\/07\/34gaeste-Sonnabend-mit4.jpg\"><img loading=\"lazy\" decoding=\"async\" width=\"150\" height=\"150\" src=\"https:\/\/vergissmeinnicht-bitterfeld.de\/wp-content\/uploads\/2022\/07\/34gaeste-Sonnabend-mit4-150x150.jpg\" class=\"attachment-thumbnail size-thumbnail\" alt=\"\" \/><\/a><\/div><br style=\"clear:both;\" \/><\/div><div class=\"gallery-row clearfix\"><div class=\"gallery-image gallery-image-1 gallery-image-i-10\"><a class=\"photobox\" rel=\"gallery2\" title=\"\" href=\"https:\/\/vergissmeinnicht-bitterfeld.de\/wp-content\/uploads\/2022\/07\/35gaeste-Sonnabend-mit5.jpg\"><img loading=\"lazy\" decoding=\"async\" width=\"150\" height=\"150\" src=\"https:\/\/vergissmeinnicht-bitterfeld.de\/wp-content\/uploads\/2022\/07\/35gaeste-Sonnabend-mit5-150x150.jpg\" class=\"attachment-thumbnail size-thumbnail\" alt=\"\" \/><\/a><\/div><br style=\"clear:both;\" \/><\/div><\/div><!-- create at http:\/\/photoboxone.com -->\n<p>Zur Unterhaltung gab es am Freitag eine \u201e90er Jahre Party\u201c. Am Samstag unterhielt uns Hausmeister \u201eKrause\u201c mit &nbsp;einer Comic Einlage, Frank Th\u00e4richen als S\u00e4nger und am Abend dann Live Musik mit der \u201eHot Music\u201c Band.<\/p>\n<div id=\"gallery-3\" data-slideshowSpeed=\"2500\"  class=\"gallery-photo-box gallery-photos-box gallery galleryid-1004 gallery-columns-3 clearfix\"><div class=\"gallery-row clearfix\"><div class=\"gallery-image gallery-image-1 gallery-image-i-1\"><a class=\"photobox\" rel=\"gallery3\" title=\"\" href=\"https:\/\/vergissmeinnicht-bitterfeld.de\/wp-content\/uploads\/2022\/07\/40Fakel1.jpg\"><img loading=\"lazy\" decoding=\"async\" width=\"150\" height=\"150\" src=\"https:\/\/vergissmeinnicht-bitterfeld.de\/wp-content\/uploads\/2022\/07\/40Fakel1-150x150.jpg\" class=\"attachment-thumbnail size-thumbnail\" alt=\"\" \/><\/a><\/div><div class=\"gallery-image gallery-image-2 gallery-image-i-2\"><a class=\"photobox\" rel=\"gallery3\" title=\"\" href=\"https:\/\/vergissmeinnicht-bitterfeld.de\/wp-content\/uploads\/2022\/07\/42fakel2.jpg\"><img loading=\"lazy\" decoding=\"async\" width=\"150\" height=\"150\" src=\"https:\/\/vergissmeinnicht-bitterfeld.de\/wp-content\/uploads\/2022\/07\/42fakel2-150x150.jpg\" class=\"attachment-thumbnail size-thumbnail\" alt=\"\" \/><\/a><\/div><div class=\"gallery-image gallery-image-3 gallery-image-i-3\"><a class=\"photobox\" rel=\"gallery3\" title=\"\" href=\"https:\/\/vergissmeinnicht-bitterfeld.de\/wp-content\/uploads\/2022\/07\/43Fakel3.jpg\"><img loading=\"lazy\" decoding=\"async\" width=\"150\" height=\"150\" src=\"https:\/\/vergissmeinnicht-bitterfeld.de\/wp-content\/uploads\/2022\/07\/43Fakel3-150x150.jpg\" class=\"attachment-thumbnail size-thumbnail\" alt=\"\" \/><\/a><\/div><br style=\"clear:both;\" \/><\/div><div class=\"gallery-row clearfix\"><div class=\"gallery-image gallery-image-1 gallery-image-i-4\"><a class=\"photobox\" rel=\"gallery3\" title=\"44fakel4\" href=\"https:\/\/vergissmeinnicht-bitterfeld.de\/wp-content\/uploads\/2022\/07\/44fakel4.jpg\"><img loading=\"lazy\" decoding=\"async\" width=\"150\" height=\"150\" src=\"https:\/\/vergissmeinnicht-bitterfeld.de\/wp-content\/uploads\/2022\/07\/44fakel4-150x150.jpg\" class=\"attachment-thumbnail size-thumbnail\" alt=\"\" \/><\/a><\/div><div class=\"gallery-image gallery-image-2 gallery-image-i-5\"><a class=\"photobox\" rel=\"gallery3\" title=\"\" href=\"https:\/\/vergissmeinnicht-bitterfeld.de\/wp-content\/uploads\/2022\/07\/45fakel5.jpg\"><img loading=\"lazy\" decoding=\"async\" width=\"150\" height=\"150\" src=\"https:\/\/vergissmeinnicht-bitterfeld.de\/wp-content\/uploads\/2022\/07\/45fakel5-150x150.jpg\" class=\"attachment-thumbnail size-thumbnail\" alt=\"\" \/><\/a><\/div><div class=\"gallery-image gallery-image-3 gallery-image-i-6\"><a class=\"photobox\" rel=\"gallery3\" title=\"\" href=\"https:\/\/vergissmeinnicht-bitterfeld.de\/wp-content\/uploads\/2022\/07\/46fakel6.jpg\"><img loading=\"lazy\" decoding=\"async\" width=\"150\" height=\"150\" src=\"https:\/\/vergissmeinnicht-bitterfeld.de\/wp-content\/uploads\/2022\/07\/46fakel6-150x150.jpg\" class=\"attachment-thumbnail size-thumbnail\" alt=\"\" \/><\/a><\/div><br style=\"clear:both;\" \/><\/div><div class=\"gallery-row clearfix\"><div class=\"gallery-image gallery-image-1 gallery-image-i-7\"><a class=\"photobox\" rel=\"gallery3\" title=\"\" href=\"https:\/\/vergissmeinnicht-bitterfeld.de\/wp-content\/uploads\/2022\/07\/50feuer1.jpg\"><img loading=\"lazy\" decoding=\"async\" width=\"150\" height=\"150\" src=\"https:\/\/vergissmeinnicht-bitterfeld.de\/wp-content\/uploads\/2022\/07\/50feuer1-150x150.jpg\" class=\"attachment-thumbnail size-thumbnail\" alt=\"\" \/><\/a><\/div><div class=\"gallery-image gallery-image-2 gallery-image-i-8\"><a class=\"photobox\" rel=\"gallery3\" title=\"\" href=\"https:\/\/vergissmeinnicht-bitterfeld.de\/wp-content\/uploads\/2022\/07\/51feuer2.jpg\"><img loading=\"lazy\" decoding=\"async\" width=\"150\" height=\"150\" src=\"https:\/\/vergissmeinnicht-bitterfeld.de\/wp-content\/uploads\/2022\/07\/51feuer2-150x150.jpg\" class=\"attachment-thumbnail size-thumbnail\" alt=\"\" \/><\/a><\/div><div class=\"gallery-image gallery-image-3 gallery-image-i-9\"><a class=\"photobox\" rel=\"gallery3\" title=\"\" href=\"https:\/\/vergissmeinnicht-bitterfeld.de\/wp-content\/uploads\/2022\/07\/52Feuer3.jpg\"><img loading=\"lazy\" decoding=\"async\" width=\"150\" height=\"150\" src=\"https:\/\/vergissmeinnicht-bitterfeld.de\/wp-content\/uploads\/2022\/07\/52Feuer3-150x150.jpg\" class=\"attachment-thumbnail size-thumbnail\" alt=\"\" \/><\/a><\/div><br style=\"clear:both;\" \/><\/div><div class=\"gallery-row clearfix\"><div class=\"gallery-image gallery-image-1 gallery-image-i-10\"><a class=\"photobox\" rel=\"gallery3\" title=\"\" href=\"https:\/\/vergissmeinnicht-bitterfeld.de\/wp-content\/uploads\/2022\/07\/55feuer4.jpg\"><img loading=\"lazy\" decoding=\"async\" width=\"150\" height=\"150\" src=\"https:\/\/vergissmeinnicht-bitterfeld.de\/wp-content\/uploads\/2022\/07\/55feuer4-150x150.jpg\" class=\"attachment-thumbnail size-thumbnail\" alt=\"\" \/><\/a><\/div><br style=\"clear:both;\" \/><\/div><\/div><!-- create at http:\/\/photoboxone.com -->\n<p>Zum Fackelumzug spielte wieder die Schalmaienkapelle aus Plodda und zum Schluss gab es Lagerfeuer und Feuerwerk.<\/p>\n<div id=\"gallery-4\" data-slideshowSpeed=\"2500\"  class=\"gallery-photo-box gallery-photos-box gallery galleryid-1004 gallery-columns-3 clearfix\"><div class=\"gallery-row clearfix\"><div class=\"gallery-image gallery-image-1 gallery-image-i-1\"><a class=\"photobox\" rel=\"gallery4\" title=\"\" href=\"https:\/\/vergissmeinnicht-bitterfeld.de\/wp-content\/uploads\/2022\/07\/61platz3.jpg\"><img loading=\"lazy\" decoding=\"async\" width=\"150\" height=\"150\" src=\"https:\/\/vergissmeinnicht-bitterfeld.de\/wp-content\/uploads\/2022\/07\/61platz3-150x150.jpg\" class=\"attachment-thumbnail size-thumbnail\" alt=\"\" \/><\/a><\/div><div class=\"gallery-image gallery-image-2 gallery-image-i-2\"><a class=\"photobox\" rel=\"gallery4\" title=\"\" href=\"https:\/\/vergissmeinnicht-bitterfeld.de\/wp-content\/uploads\/2022\/07\/62platz4.jpg\"><img loading=\"lazy\" decoding=\"async\" width=\"150\" height=\"150\" src=\"https:\/\/vergissmeinnicht-bitterfeld.de\/wp-content\/uploads\/2022\/07\/62platz4-150x150.jpg\" class=\"attachment-thumbnail size-thumbnail\" alt=\"\" \/><\/a><\/div><div class=\"gallery-image gallery-image-3 gallery-image-i-3\"><a class=\"photobox\" rel=\"gallery4\" title=\"\" href=\"https:\/\/vergissmeinnicht-bitterfeld.de\/wp-content\/uploads\/2022\/07\/70promi1.jpg\"><img loading=\"lazy\" decoding=\"async\" width=\"150\" height=\"150\" src=\"https:\/\/vergissmeinnicht-bitterfeld.de\/wp-content\/uploads\/2022\/07\/70promi1-150x150.jpg\" class=\"attachment-thumbnail size-thumbnail\" alt=\"\" \/><\/a><\/div><br style=\"clear:both;\" \/><\/div><div class=\"gallery-row clearfix\"><div class=\"gallery-image gallery-image-1 gallery-image-i-4\"><a class=\"photobox\" rel=\"gallery4\" title=\"\" href=\"https:\/\/vergissmeinnicht-bitterfeld.de\/wp-content\/uploads\/2022\/07\/71promi2.jpg\"><img loading=\"lazy\" decoding=\"async\" width=\"150\" height=\"150\" src=\"https:\/\/vergissmeinnicht-bitterfeld.de\/wp-content\/uploads\/2022\/07\/71promi2-150x150.jpg\" class=\"attachment-thumbnail size-thumbnail\" alt=\"\" \/><\/a><\/div><div class=\"gallery-image gallery-image-2 gallery-image-i-5\"><a class=\"photobox\" rel=\"gallery4\" title=\"\" href=\"https:\/\/vergissmeinnicht-bitterfeld.de\/wp-content\/uploads\/2022\/07\/72promi3.jpg\"><img loading=\"lazy\" decoding=\"async\" width=\"150\" height=\"150\" src=\"https:\/\/vergissmeinnicht-bitterfeld.de\/wp-content\/uploads\/2022\/07\/72promi3-150x150.jpg\" class=\"attachment-thumbnail size-thumbnail\" alt=\"\" \/><\/a><\/div><br style=\"clear:both;\" \/><\/div><\/div><!-- create at http:\/\/photoboxone.com -->\n<p>Sonntag spielte zum Fr\u00fchschoppen die Schalmaienkapelle zum Empfang f\u00fcr Prominente und Sponsoren. Au\u00dferdem \u00fcbergab die Kapelle an Dietmar Mengel &nbsp;eine Gedenkplakette aus Anlass ihres 60-J\u00e4hrigen Bestehens. Sie spielt schon jahrelang bei unseren Gartenfesten. Die Schalmaienkapelle ist ein fester Bestandteil unserer Feiern.<\/p>\n<div id=\"gallery-5\" data-slideshowSpeed=\"2500\"  class=\"gallery-photo-box gallery-photos-box gallery galleryid-1004 gallery-columns-3 clearfix\"><div class=\"gallery-row clearfix\"><div class=\"gallery-image gallery-image-1 gallery-image-i-1\"><a class=\"photobox\" rel=\"gallery5\" title=\"\" href=\"https:\/\/vergissmeinnicht-bitterfeld.de\/wp-content\/uploads\/2022\/07\/75darg3.jpg\"><img loading=\"lazy\" decoding=\"async\" width=\"150\" height=\"150\" src=\"https:\/\/vergissmeinnicht-bitterfeld.de\/wp-content\/uploads\/2022\/07\/75darg3-150x150.jpg\" class=\"attachment-thumbnail size-thumbnail\" alt=\"\" \/><\/a><\/div><div class=\"gallery-image gallery-image-2 gallery-image-i-2\"><a class=\"photobox\" rel=\"gallery5\" title=\"\" href=\"https:\/\/vergissmeinnicht-bitterfeld.de\/wp-content\/uploads\/2022\/07\/73Darg1.jpg\"><img loading=\"lazy\" decoding=\"async\" width=\"150\" height=\"150\" src=\"https:\/\/vergissmeinnicht-bitterfeld.de\/wp-content\/uploads\/2022\/07\/73Darg1-150x150.jpg\" class=\"attachment-thumbnail size-thumbnail\" alt=\"\" \/><\/a><\/div><div class=\"gallery-image gallery-image-3 gallery-image-i-3\"><a class=\"photobox\" rel=\"gallery5\" title=\"\" href=\"https:\/\/vergissmeinnicht-bitterfeld.de\/wp-content\/uploads\/2022\/07\/74darg2.jpg\"><img loading=\"lazy\" decoding=\"async\" width=\"150\" height=\"150\" src=\"https:\/\/vergissmeinnicht-bitterfeld.de\/wp-content\/uploads\/2022\/07\/74darg2-150x150.jpg\" class=\"attachment-thumbnail size-thumbnail\" alt=\"\" \/><\/a><\/div><br style=\"clear:both;\" \/><\/div><div class=\"gallery-row clearfix\"><div class=\"gallery-image gallery-image-1 gallery-image-i-4\"><a class=\"photobox\" rel=\"gallery5\" title=\"\" href=\"https:\/\/vergissmeinnicht-bitterfeld.de\/wp-content\/uploads\/2022\/07\/76darg4.jpg\"><img loading=\"lazy\" decoding=\"async\" width=\"150\" height=\"150\" src=\"https:\/\/vergissmeinnicht-bitterfeld.de\/wp-content\/uploads\/2022\/07\/76darg4-150x150.jpg\" class=\"attachment-thumbnail size-thumbnail\" alt=\"\" \/><\/a><\/div><br style=\"clear:both;\" \/><\/div><\/div><!-- create at http:\/\/photoboxone.com -->\n<p>Sonntag am Nachmittag sorgten die \u201eDancing Angels\u201c f\u00fcr Unterhaltung und Stimmung.<\/p>\n<div id=\"gallery-6\" data-slideshowSpeed=\"2500\"  class=\"gallery-photo-box gallery-photos-box gallery galleryid-1004 gallery-columns-3 clearfix\"><div class=\"gallery-row clearfix\"><div class=\"gallery-image gallery-image-1 gallery-image-i-1\"><a class=\"photobox\" rel=\"gallery6\" title=\"\" href=\"https:\/\/vergissmeinnicht-bitterfeld.de\/wp-content\/uploads\/2022\/07\/80sieg1.jpg\"><img loading=\"lazy\" decoding=\"async\" width=\"150\" height=\"150\" src=\"https:\/\/vergissmeinnicht-bitterfeld.de\/wp-content\/uploads\/2022\/07\/80sieg1-150x150.jpg\" class=\"attachment-thumbnail size-thumbnail\" alt=\"\" \/><\/a><\/div><div class=\"gallery-image gallery-image-2 gallery-image-i-2\"><a class=\"photobox\" rel=\"gallery6\" title=\"\" href=\"https:\/\/vergissmeinnicht-bitterfeld.de\/wp-content\/uploads\/2022\/07\/81sieg2.jpg\"><img loading=\"lazy\" decoding=\"async\" width=\"150\" height=\"150\" src=\"https:\/\/vergissmeinnicht-bitterfeld.de\/wp-content\/uploads\/2022\/07\/81sieg2-150x150.jpg\" class=\"attachment-thumbnail size-thumbnail\" alt=\"\" \/><\/a><\/div><div class=\"gallery-image gallery-image-3 gallery-image-i-3\"><a class=\"photobox\" rel=\"gallery6\" title=\"\" href=\"https:\/\/vergissmeinnicht-bitterfeld.de\/wp-content\/uploads\/2022\/07\/82sieg3.jpg\"><img loading=\"lazy\" decoding=\"async\" width=\"150\" height=\"150\" src=\"https:\/\/vergissmeinnicht-bitterfeld.de\/wp-content\/uploads\/2022\/07\/82sieg3-150x150.jpg\" class=\"attachment-thumbnail size-thumbnail\" alt=\"\" \/><\/a><\/div><br style=\"clear:both;\" \/><\/div><\/div><!-- create at http:\/\/photoboxone.com -->\n\n\n<p>Endlich war es soweit, die Spiele wurden beendet, die Sieger ermittelt und die Siegerehrung fand mit viel Freude und Begeisterung statt. Wertvolle Preise wurden vergeben.<\/p>\n","protected":false},"excerpt":{"rendered":"<p>F\u00fcr Gro\u00df und Klein gab es Dart, Kegeln, Ponykutschfahrten und f\u00fcr die ganz Kleinen eine H\u00fcpfburg. Nat\u00fcrlich wurde auch f\u00fcrs leibliche Wohl gesorgt. Es gab allerlei vom Grill, Suppe aus der Gulaschkanone, Getr\u00e4nke, Eis und Kuchen vom Kuchenbasar. Bei den Spielen wurde aktiv um die besten Pl\u00e4tze gek\u00e4mpft. Zur Unterhaltung gab es am Freitag eine &hellip; <a href=\"https:\/\/vergissmeinnicht-bitterfeld.de\/?page_id=1004\" class=\"more-link\"><span class=\"screen-reader-text\">Gartenfest 2022<\/span> weiterlesen <span class=\"meta-nav\">&rarr;<\/span><\/a><\/p>\n","protected":false},"author":1,"featured_media":0,"parent":135,"menu_order":0,"comment_status":"closed","ping_status":"closed","template":"","meta":{"footnotes":""},"_links":{"self":[{"href":"https:\/\/vergissmeinnicht-bitterfeld.de\/index.php?rest_route=\/wp\/v2\/pages\/1004"}],"collection":[{"href":"https:\/\/vergissmeinnicht-bitterfeld.de\/index.php?rest_route=\/wp\/v2\/pages"}],"about":[{"href":"https:\/\/vergissmeinnicht-bitterfeld.de\/index.php?rest_route=\/wp\/v2\/types\/page"}],"author":[{"embeddable":true,"href":"https:\/\/vergissmeinnicht-bitterfeld.de\/index.php?rest_route=\/wp\/v2\/users\/1"}],"replies":[{"embeddable":true,"href":"https:\/\/vergissmeinnicht-bitterfeld.de\/index.php?rest_route=%2Fwp%2Fv2%2Fcomments&post=1004"}],"version-history":[{"count":15,"href":"https:\/\/vergissmeinnicht-bitterfeld.de\/index.php?rest_route=\/wp\/v2\/pages\/1004\/revisions"}],"predecessor-version":[{"id":1447,"href":"https:\/\/vergissmeinnicht-bitterfeld.de\/index.php?rest_route=\/wp\/v2\/pages\/1004\/revisions\/1447"}],"up":[{"embeddable":true,"href":"https:\/\/vergissmeinnicht-bitterfeld.de\/index.php?rest_route=\/wp\/v2\/pages\/135"}],"wp:attachment":[{"href":"https:\/\/vergissmeinnicht-bitterfeld.de\/index.php?rest_route=%2Fwp%2Fv2%2Fmedia&parent=1004"}],"curies":[{"name":"wp","href":"https:\/\/api.w.org\/{rel}","templated":true}]}}