{"id":229,"date":"2017-03-06T09:12:13","date_gmt":"2017-03-06T09:12:13","guid":{"rendered":"http:\/\/vergissmeinnicht-bitterfeld.de\/?page_id=229"},"modified":"2021-01-07T15:46:30","modified_gmt":"2021-01-07T15:46:30","slug":"bungalow-vermietung","status":"publish","type":"page","link":"https:\/\/vergissmeinnicht-bitterfeld.de\/?page_id=229","title":{"rendered":"Angebote des Vereins"},"content":{"rendered":"<ul>\n<li>Vermietung der Vereinsgastst\u00e4tte mit der gesamten vereinseigenen Einrichtung an Vereinsmitglieder und andere Personen.<\/li>\n<li>Entwicklung des Vereinsheimes zu unserem kulturellen Zentrum. Nutzung f\u00fcr Veranstaltungen durch Vereine, Betriebe und Privatpersonen.<\/li>\n<\/ul>\n<ul>\n<li>T\u00dcV gepflegter Kinderspielplatz (Grundinstandsetzung 2013) mit Spiel- und Festwiese sowie einer Tischtennisplatte<\/li>\n<\/ul>\n<ul>\n<li>Vermietung unseres Bungalows mit kompletter Einrichtung an unsere Vereinsmitglieder und Bekannte f\u00fcr Familienfeiern, Treffen und Versammlungen.<\/li>\n<\/ul>\n<ul>\n<li>Vermietung von Festzelten in verschieden Gr\u00f6\u00dfen sowie Bierzeltgarnituren<\/li>\n<\/ul>\n<ul>\n<li>Vertrag mit unserer Kommune \u00fcber die Pflege der an die Gartenanlage angrenzenden kommunalen Gr\u00fcnfl\u00e4chen in der Gr\u00f6\u00dfe von 1500m\u00b2.<\/li>\n<\/ul>\n<ul>\n<li>Beteiligung bei der Erarbeitung des Fl\u00e4chennutzungsplanes und bei Bebauungspl\u00e4nen sowie enge Zusammenarbeit mit der Stadtverwaltung und dem Ortschaftsrat Bitterfeld<\/li>\n<\/ul>\n<ul>\n<li>Seniorenbetreuung: Bekanntgabe aller runden Geburtstage von 60 bis 75 Jahren und danach jedes Jahr in der regionalen Presse. Pers\u00f6nliche Gratulation bei verdienten Vereinsmitgliedern zu besonderen Jubil\u00e4en<\/li>\n<\/ul>\n<ul>\n<li>Einbeziehung der B\u00fcrger der umliegenden Wohngebiete in unser Vereinsleben wie Silvesterfeier, Fasching, Kinder- und Gartenfest, Erntedankfest<\/li>\n<\/ul>\n<ul>\n<li>J\u00e4hrliches Kinder-, Garten- und Wohngebietsfest mit \u201eTag der offenen G\u00e4rten\u201c mit vielseitigem Programm sowie Sponsoren- und Prominententreff<\/li>\n<\/ul>\n<ul>\n<li>Mitgliedschaft im \u201eF\u00f6rderkreis St\u00e4dtepartnerschaft e.V. einschlie\u00dflich aktiver Teilnahme an den Veranstaltungen sowie Auslandsreisen<\/li>\n<\/ul>\n<ul>\n<li>Gute Zusammenarbeit mit der \u00f6rtlichen Presse und dem Regionalfernsehen<\/li>\n<\/ul>\n<ul>\n<li>Aktive Mitarbeit im \u201eRegionalverband der Gartenfreunde Bitterfeld- Wolfen und Umland\u201c und dessen personeller Unterst\u00fctzung<\/li>\n<\/ul>\n<ul>\n<li>Unterst\u00fctzung des Kita \u201eZwergenland\u201c Bitterfeld materiell und personell bei Feiern<\/li>\n<\/ul>\n<h3 style=\"text-align: left;\"><u><\/u><strong>\u00a0 \u00a0 \u00a0 \u00a0 \u00a0 \u00a0 \u00a0 \u00a0 \u00a0 \u00a0 \u00a0 \u00a0 \u00a0 \u00a0 \u00a0 \u00a0 \u00a0 \u00a0 \u00a0 \u00a0 \u00a0 \u00a0 \u00a0 \u00a0 \u00a0 \u00a0 \u00a0 \u00a0 \u00a0 \u00a0\u00a0<\/strong><\/h3>\n","protected":false},"excerpt":{"rendered":"<p>Vermietung der Vereinsgastst\u00e4tte mit der gesamten vereinseigenen Einrichtung an Vereinsmitglieder und andere Personen. Entwicklung des Vereinsheimes zu unserem kulturellen Zentrum. Nutzung f\u00fcr Veranstaltungen durch Vereine, Betriebe und Privatpersonen. T\u00dcV gepflegter Kinderspielplatz (Grundinstandsetzung 2013) mit Spiel- und Festwiese sowie einer Tischtennisplatte Vermietung unseres Bungalows mit kompletter Einrichtung an unsere Vereinsmitglieder und Bekannte f\u00fcr Familienfeiern, Treffen und &hellip; <a href=\"https:\/\/vergissmeinnicht-bitterfeld.de\/?page_id=229\" class=\"more-link\"><span class=\"screen-reader-text\">Angebote des Vereins<\/span> weiterlesen <span class=\"meta-nav\">&rarr;<\/span><\/a><\/p>\n","protected":false},"author":1,"featured_media":0,"parent":0,"menu_order":0,"comment_status":"closed","ping_status":"closed","template":"","meta":{"footnotes":""},"_links":{"self":[{"href":"https:\/\/vergissmeinnicht-bitterfeld.de\/index.php?rest_route=\/wp\/v2\/pages\/229"}],"collection":[{"href":"https:\/\/vergissmeinnicht-bitterfeld.de\/index.php?rest_route=\/wp\/v2\/pages"}],"about":[{"href":"https:\/\/vergissmeinnicht-bitterfeld.de\/index.php?rest_route=\/wp\/v2\/types\/page"}],"author":[{"embeddable":true,"href":"https:\/\/vergissmeinnicht-bitterfeld.de\/index.php?rest_route=\/wp\/v2\/users\/1"}],"replies":[{"embeddable":true,"href":"https:\/\/vergissmeinnicht-bitterfeld.de\/index.php?rest_route=%2Fwp%2Fv2%2Fcomments&post=229"}],"version-history":[{"count":13,"href":"https:\/\/vergissmeinnicht-bitterfeld.de\/index.php?rest_route=\/wp\/v2\/pages\/229\/revisions"}],"predecessor-version":[{"id":794,"href":"https:\/\/vergissmeinnicht-bitterfeld.de\/index.php?rest_route=\/wp\/v2\/pages\/229\/revisions\/794"}],"wp:attachment":[{"href":"https:\/\/vergissmeinnicht-bitterfeld.de\/index.php?rest_route=%2Fwp%2Fv2%2Fmedia&parent=229"}],"curies":[{"name":"wp","href":"https:\/\/api.w.org\/{rel}","templated":true}]}}