{"id":257,"date":"2017-04-02T16:25:31","date_gmt":"2017-04-02T16:25:31","guid":{"rendered":"http:\/\/vergissmeinnicht-bitterfeld.de\/?page_id=257"},"modified":"2026-02-16T10:49:39","modified_gmt":"2026-02-16T10:49:39","slug":"spielplatz","status":"publish","type":"page","link":"https:\/\/vergissmeinnicht-bitterfeld.de\/?page_id=257","title":{"rendered":"Spielplatz"},"content":{"rendered":"<p><a href=\"http:\/\/vergissmeinnicht-bitterfeld.de\/wp-content\/uploads\/2017\/04\/spiel02.jpg\" rel=\"attachment wp-att-259\"><img loading=\"lazy\" decoding=\"async\" class=\"alignnone size-medium wp-image-259\" src=\"http:\/\/vergissmeinnicht-bitterfeld.de\/wp-content\/uploads\/2017\/04\/spiel02-300x200.jpg\" alt=\"spiel02\" width=\"300\" height=\"200\" srcset=\"https:\/\/vergissmeinnicht-bitterfeld.de\/wp-content\/uploads\/2017\/04\/spiel02-300x200.jpg 300w, https:\/\/vergissmeinnicht-bitterfeld.de\/wp-content\/uploads\/2017\/04\/spiel02-768x512.jpg 768w, https:\/\/vergissmeinnicht-bitterfeld.de\/wp-content\/uploads\/2017\/04\/spiel02-1024x683.jpg 1024w\" sizes=\"(max-width: 300px) 100vw, 300px\" \/><\/a><a href=\"http:\/\/vergissmeinnicht-bitterfeld.de\/wp-content\/uploads\/2017\/04\/spiel01.jpg\" rel=\"attachment wp-att-258\"><img loading=\"lazy\" decoding=\"async\" class=\"alignnone size-medium wp-image-258\" src=\"http:\/\/vergissmeinnicht-bitterfeld.de\/wp-content\/uploads\/2017\/04\/spiel01-300x200.jpg\" alt=\"spiel01\" width=\"300\" height=\"200\" srcset=\"https:\/\/vergissmeinnicht-bitterfeld.de\/wp-content\/uploads\/2017\/04\/spiel01-300x200.jpg 300w, https:\/\/vergissmeinnicht-bitterfeld.de\/wp-content\/uploads\/2017\/04\/spiel01-768x512.jpg 768w, https:\/\/vergissmeinnicht-bitterfeld.de\/wp-content\/uploads\/2017\/04\/spiel01-1024x683.jpg 1024w\" sizes=\"(max-width: 300px) 100vw, 300px\" \/><\/a><\/p>\n<ul>\n<li>Hier k\u00f6nnen die Kinder im Sandkasten buddeln<\/li>\n<li>Schaukeln nach Herzenslust<\/li>\n<li>Im Kletterturm klettern und rutschen<\/li>\n<li>Karussell und Wippe stehen auch immer hoch im Kurs bei den Kindern<\/li>\n<\/ul>\n<p><strong><span style=\"text-decoration: underline; font-size: 14pt;\"><span style=\"color: #ff0000; text-decoration: underline;\">Kinder d\u00fcrfen keinen Helm tragen!<\/span><\/span><\/strong><\/p>\n<p>Fahrradhelme, die im Verkehr lebensrettend sein k\u00f6nnen, haben ebenso wie Schals, Kapuzen und Kordeln nichts auf dem Spielplatz verloren. Denn\u00a0<span style=\"color: #ff0000;\"><b>an den Spielger\u00e4ten k\u00f6nnen Kinder damit leicht h\u00e4ngen bleiben und sich im Extremfall strangulieren<\/b>\u2026<\/span><\/p>\n<p>F\u00fcr die Eltern, Omas und Opas stehen B\u00e4nke zum Verweilen bereit. Nat\u00fcrlich k\u00f6nnen auch Kinder aus den nahe gelegenen Wohngebieten den Spielplatz nutzen.<\/p>\n<p>Der \u00a0Spielplatz wird turnusgem\u00e4\u00df vom T\u00dcV \u00fcberpr\u00fcft.<\/p>\n","protected":false},"excerpt":{"rendered":"<p>Hier k\u00f6nnen die Kinder im Sandkasten buddeln Schaukeln nach Herzenslust Im Kletterturm klettern und rutschen Karussell und Wippe stehen auch immer hoch im Kurs bei den Kindern Kinder d\u00fcrfen keinen Helm tragen! Fahrradhelme, die im Verkehr lebensrettend sein k\u00f6nnen, haben ebenso wie Schals, Kapuzen und Kordeln nichts auf dem Spielplatz verloren. Denn\u00a0an den Spielger\u00e4ten k\u00f6nnen &hellip; <a href=\"https:\/\/vergissmeinnicht-bitterfeld.de\/?page_id=257\" class=\"more-link\"><span class=\"screen-reader-text\">Spielplatz<\/span> weiterlesen <span class=\"meta-nav\">&rarr;<\/span><\/a><\/p>\n","protected":false},"author":1,"featured_media":0,"parent":0,"menu_order":0,"comment_status":"closed","ping_status":"closed","template":"","meta":{"footnotes":""},"_links":{"self":[{"href":"https:\/\/vergissmeinnicht-bitterfeld.de\/index.php?rest_route=\/wp\/v2\/pages\/257"}],"collection":[{"href":"https:\/\/vergissmeinnicht-bitterfeld.de\/index.php?rest_route=\/wp\/v2\/pages"}],"about":[{"href":"https:\/\/vergissmeinnicht-bitterfeld.de\/index.php?rest_route=\/wp\/v2\/types\/page"}],"author":[{"embeddable":true,"href":"https:\/\/vergissmeinnicht-bitterfeld.de\/index.php?rest_route=\/wp\/v2\/users\/1"}],"replies":[{"embeddable":true,"href":"https:\/\/vergissmeinnicht-bitterfeld.de\/index.php?rest_route=%2Fwp%2Fv2%2Fcomments&post=257"}],"version-history":[{"count":4,"href":"https:\/\/vergissmeinnicht-bitterfeld.de\/index.php?rest_route=\/wp\/v2\/pages\/257\/revisions"}],"predecessor-version":[{"id":1923,"href":"https:\/\/vergissmeinnicht-bitterfeld.de\/index.php?rest_route=\/wp\/v2\/pages\/257\/revisions\/1923"}],"wp:attachment":[{"href":"https:\/\/vergissmeinnicht-bitterfeld.de\/index.php?rest_route=%2Fwp%2Fv2%2Fmedia&parent=257"}],"curies":[{"name":"wp","href":"https:\/\/api.w.org\/{rel}","templated":true}]}}