{"id":418,"date":"2018-11-17T10:12:58","date_gmt":"2018-11-17T10:12:58","guid":{"rendered":"http:\/\/vergissmeinnicht-bitterfeld.de\/?page_id=418"},"modified":"2025-07-06T14:13:12","modified_gmt":"2025-07-06T14:13:12","slug":"impressum","status":"publish","type":"page","link":"https:\/\/vergissmeinnicht-bitterfeld.de\/?page_id=418","title":{"rendered":"Impressum"},"content":{"rendered":"<h6>Anschrift<\/h6>\n<h6>Kleingartenanlage \u201eVergissmeinnicht\u201c, Friedensstra\u00dfe 64a, 06749 Bitterfeld-Wolfen, OT Bitterfeld,<\/h6>\n<h6>Email: vereinsvorstand@vergissmeinnicht-bitterfeld.de<\/h6>\n<h6>Vorstand<\/h6>\n<h6>Dietmar Mengel, Friedensstra\u00dfe 94, 06749 Bitterfeld-Wolfen, OT Bitterfeld, Tel. 03493 41389<\/h6>\n<h6>Vorstand<\/h6>\n<h6><\/h6>\n<h6>Verantwortung f\u00fcr diese Internetseite haben<\/h6>\n<h6>Herausgeber: Dietmar Mengel<\/h6>\n<h6>Bearbeiter:\u00a0\u00a0\u00a0\u00a0\u00a0 Frank Scheundel<\/h6>\n<h6>Registergericht<\/h6>\n<h6>Eingetragen im \u00a0Amtsgericht Stendal mit der\u00a0 \u00a0 \u00a0 \u00a0 \u00a0 \u00a0 \u00a0 Nummer\u00a0 VR 32152<\/h6>\n<h6>Haftung f\u00fcr Links<\/h6>\n<h6>Es besteht keine Haftung f\u00fcr Inhalte externer Links, f\u00fcr den Inhalt verlinkter Seiten sind die Herausgeber\u00a0verantwortlich.<\/h6>\n<h6>Urheberrechte<\/h6>\n<h6>Der Inhalt dieser Website ist urheberrechtlich gesch\u00fctzt.<\/h6>\n<h6>Die Informationen auf dieser Website werden nach bestem Wissen erstellt und auf ihre Richtigkeit \u00fcberpr\u00fcft. Da durch Informationsfluss Fehler auftreten k\u00f6nnen, besteht keine Garantie und Haftung f\u00fcr die Richtigkeit dieser Daten auf der Internetseite.<\/h6>\n<h6><\/h6>\n","protected":false},"excerpt":{"rendered":"<p>Anschrift Kleingartenanlage \u201eVergissmeinnicht\u201c, Friedensstra\u00dfe 64a, 06749 Bitterfeld-Wolfen, OT Bitterfeld, Email: vereinsvorstand@vergissmeinnicht-bitterfeld.de Vorstand Dietmar Mengel, Friedensstra\u00dfe 94, 06749 Bitterfeld-Wolfen, OT Bitterfeld, Tel. 03493 41389 Vorstand Verantwortung f\u00fcr diese Internetseite haben Herausgeber: Dietmar Mengel Bearbeiter:\u00a0\u00a0\u00a0\u00a0\u00a0 Frank Scheundel Registergericht Eingetragen im \u00a0Amtsgericht Stendal mit der\u00a0 \u00a0 \u00a0 \u00a0 \u00a0 \u00a0 \u00a0 Nummer\u00a0 VR 32152 Haftung f\u00fcr Links Es &hellip; <a href=\"https:\/\/vergissmeinnicht-bitterfeld.de\/?page_id=418\" class=\"more-link\"><span class=\"screen-reader-text\">Impressum<\/span> weiterlesen <span class=\"meta-nav\">&rarr;<\/span><\/a><\/p>\n","protected":false},"author":1,"featured_media":0,"parent":0,"menu_order":0,"comment_status":"closed","ping_status":"closed","template":"","meta":{"footnotes":""},"_links":{"self":[{"href":"https:\/\/vergissmeinnicht-bitterfeld.de\/index.php?rest_route=\/wp\/v2\/pages\/418"}],"collection":[{"href":"https:\/\/vergissmeinnicht-bitterfeld.de\/index.php?rest_route=\/wp\/v2\/pages"}],"about":[{"href":"https:\/\/vergissmeinnicht-bitterfeld.de\/index.php?rest_route=\/wp\/v2\/types\/page"}],"author":[{"embeddable":true,"href":"https:\/\/vergissmeinnicht-bitterfeld.de\/index.php?rest_route=\/wp\/v2\/users\/1"}],"replies":[{"embeddable":true,"href":"https:\/\/vergissmeinnicht-bitterfeld.de\/index.php?rest_route=%2Fwp%2Fv2%2Fcomments&post=418"}],"version-history":[{"count":8,"href":"https:\/\/vergissmeinnicht-bitterfeld.de\/index.php?rest_route=\/wp\/v2\/pages\/418\/revisions"}],"predecessor-version":[{"id":1842,"href":"https:\/\/vergissmeinnicht-bitterfeld.de\/index.php?rest_route=\/wp\/v2\/pages\/418\/revisions\/1842"}],"wp:attachment":[{"href":"https:\/\/vergissmeinnicht-bitterfeld.de\/index.php?rest_route=%2Fwp%2Fv2%2Fmedia&parent=418"}],"curies":[{"name":"wp","href":"https:\/\/api.w.org\/{rel}","templated":true}]}}