{"id":470,"date":"2021-12-26T05:52:03","date_gmt":"2021-12-26T05:52:03","guid":{"rendered":"http:\/\/vergissmeinnicht-bitterfeld.de\/?page_id=470"},"modified":"2026-01-19T09:12:16","modified_gmt":"2026-01-19T09:12:16","slug":"rechnung-kassierung","status":"publish","type":"page","link":"https:\/\/vergissmeinnicht-bitterfeld.de\/?page_id=470","title":{"rendered":"Rechnung &#8211; Kassierung"},"content":{"rendered":"\n<p class=\"has-text-align-left\"><strong><span style=\"background-color:rgba(0, 0, 0, 0)\" class=\"has-inline-color has-luminous-vivid-orange-color\">Kassierung 2025-26\u00a0\u00a0\u00a0\u00a0\u00a0\u00a0\u00a0\u00a0\u00a0<\/span><\/strong>\u00a0\u00a0\u00a0\u00a0\u00a0\u00a0 Bitterfeld, 09.01.2026<\/p>\n\n\n\n<p>Die Kassierung basiert auf folgenden Einzelwerten:<\/p>\n\n\n\n<p><\/p>\n\n\n\n<ol>\n<li>Elektroenergie (incl. 19% MwSt.) \u00a0\u00a0\u00a0\u00a0\u00a0\u00a0\u00a0\u00a0\u00a0\u00a0                      31,29 Ct\/KWh<\/li>\n\n\n\n<li>Z\u00e4hlereigenverbrauch: Stromz\u00e4hler in Laube              13,70 \u20ac<\/li>\n\n\n\n<li>Trinkwasser (incl. 7% MwSt.) \u00a0\u00a0\u00a0\u00a0\u00a0\u00a0\u00a0\u00a0\u00a0\u00a0\u00a0\u00a0\u00a0\u00a0\u00a0\u00a0\u00a0\u00a0\u00a0\u00a0\u00a0\u00a0\u00a0\u00a0\u00a0\u00a0\u00a0\u00a0\u00a0\u00a0\u00a0\u00a0\u00a0\u00a0\u00a0\u00a0\u00a0\u00a0\u00a0\u00a0 1,82 \u20ac\/m\u00b3<\/li>\n\n\n\n<li>Offene Pflichtstunden&nbsp;&nbsp;&nbsp;&nbsp;&nbsp;&nbsp;&nbsp;&nbsp;&nbsp;&nbsp;&nbsp;&nbsp;&nbsp;&nbsp;&nbsp;&nbsp;&nbsp;&nbsp;&nbsp;&nbsp;&nbsp;&nbsp;&nbsp;&nbsp;&nbsp;&nbsp;&nbsp;&nbsp;&nbsp;&nbsp;&nbsp;&nbsp;&nbsp;&nbsp;&nbsp;&nbsp;&nbsp;&nbsp;&nbsp;&nbsp;&nbsp;&nbsp;&nbsp;&nbsp;&nbsp;&nbsp;&nbsp;&nbsp;&nbsp; 20,00 \u20ac\/Std.<\/li>\n<\/ol>\n\n\n\n<ul>\n<li>Position \u201eSonstiges\u201c gem\u00e4\u00df Rechnung:<\/li>\n<\/ul>\n\n\n\n<ul>\n<li>Rep. E-Anlage, Au\u00dfenbeleuchtung&nbsp;&nbsp;&nbsp;&nbsp;&nbsp;&nbsp;&nbsp;&nbsp;&nbsp;&nbsp;&nbsp;&nbsp;&nbsp;&nbsp;&nbsp;&nbsp;&nbsp;&nbsp;&nbsp;&nbsp;&nbsp;&nbsp;&nbsp;&nbsp;&nbsp;&nbsp;&nbsp;&nbsp;&nbsp;   12,00 \u20ac<\/li>\n\n\n\n<li>Elektro-Grundgeb\u00fchr incl. Digitale Messstelle&nbsp;&nbsp;&nbsp;&nbsp;&nbsp;&nbsp;&nbsp;&nbsp;&nbsp;&nbsp;&nbsp; &nbsp;  &nbsp; 2,50\u20ac<\/li>\n\n\n\n<li>Trinkwassergrundgeb\u00fchr&nbsp;&nbsp;&nbsp;&nbsp;&nbsp;&nbsp;&nbsp;&nbsp;&nbsp;&nbsp;&nbsp;&nbsp;&nbsp;&nbsp;&nbsp;&nbsp;&nbsp;&nbsp;&nbsp;&nbsp;&nbsp;&nbsp;&nbsp;&nbsp;&nbsp;&nbsp;&nbsp;&nbsp;&nbsp;&nbsp;&nbsp;&nbsp;&nbsp;&nbsp;&nbsp;&nbsp; &nbsp;&nbsp; &nbsp;&nbsp;&nbsp;&nbsp;&nbsp;&nbsp;&nbsp;&nbsp;&nbsp;&nbsp;&nbsp;1,35 \u20ac<\/li>\n\n\n\n<li>Trinkwasser An- und Abstellverluste, interner Verbr. \u00a0\u00a0      3,30 \u20ac<\/li>\n\n\n\n<li>Vereinsversicherungen&nbsp;&nbsp;&nbsp; (alle Vereinsgeb\u00e4ude,&nbsp;&nbsp;&nbsp;&nbsp;&nbsp;&nbsp;        13,65 \u20ac<\/li>\n\n\n\n<li>Haftpflicht, Unfall- und Rechtsschutz)<\/li>\n\n\n\n<li>Gr\u00fcnschnittentsorgung\u00a0\u00a0\u00a0\u00a0\u00a0\u00a0\u00a0\u00a0\u00a0\u00a0\u00a0\u00a0\u00a0\u00a0\u00a0\u00a0\u00a0\u00a0\u00a0\u00a0\u00a0\u00a0\u00a0\u00a0\u00a0\u00a0\u00a0\u00a0\u00a0\u00a0\u00a0\u00a0\u00a0\u00a0\u00a0\u00a0\u00a0\u00a0\u00a0\u00a0\u00a0\u00a0\u00a0\u00a0\u00a0\u00a0\u00a0\u00a0\u00a0\u00a0\u00a0 \u00a0 10,00 \u20ac<\/li>\n\n\n\n<li>Pacht Gemeinschaftsfl\u00e4che (Wege, Pl\u00e4tze Geb\u00e4ude)&nbsp;&nbsp;&nbsp;&nbsp;&nbsp;&nbsp;&nbsp;&nbsp;&nbsp;3,80 \u20ac<\/li>\n\n\n\n<li>Vereinsumlage 2024\u00a0\u00a0\u00a0\u00a0\u00a0\u00a0\u00a0\u00a0\u00a0\u00a0\u00a0\u00a0\u00a0\u00a0\u00a0\u00a0\u00a0\u00a0\u00a0\u00a0\u00a0\u00a0\u00a0\u00a0\u00a0\u00a0\u00a0\u00a0\u00a0\u00a0\u00a0\u00a0\u00a0\u00a0\u00a0\u00a0\u00a0\u00a0\u00a0\u00a0\u00a0\u00a0\u00a0\u00a0\u00a0\u00a0\u00a0\u00a0\u00a0\u00a0\u00a0\u00a0\u00a0\u00a0\u00a0 0,00 \u20ac<\/li>\n<\/ul>\n\n\n\n<ul>\n<li>Pacht pro Parzelle&nbsp;&nbsp;&nbsp;&nbsp;&nbsp;&nbsp;&nbsp;&nbsp;&nbsp;&nbsp;&nbsp;&nbsp;&nbsp;&nbsp;&nbsp;&nbsp;&nbsp;&nbsp;&nbsp;&nbsp;&nbsp;&nbsp;&nbsp;&nbsp;&nbsp;&nbsp;&nbsp;&nbsp;&nbsp;&nbsp;&nbsp;&nbsp;&nbsp;&nbsp;&nbsp;&nbsp;&nbsp;&nbsp;&nbsp;&nbsp;&nbsp;&nbsp;&nbsp;&nbsp;&nbsp;&nbsp;&nbsp;&nbsp; &nbsp; &nbsp;&nbsp;&nbsp;&nbsp;&nbsp;&nbsp;&nbsp;&nbsp;&nbsp; 9,00 \u20ac<\/li>\n\n\n\n<li>Mitgliedsbeitrag Hauptp\u00e4chter&nbsp;&nbsp;&nbsp;&nbsp;&nbsp;&nbsp;&nbsp;&nbsp;&nbsp;&nbsp;&nbsp;&nbsp;&nbsp;&nbsp;&nbsp;&nbsp;&nbsp;&nbsp;&nbsp;&nbsp;&nbsp;&nbsp;&nbsp;&nbsp;&nbsp;&nbsp;&nbsp;&nbsp;&nbsp;&nbsp;&nbsp;&nbsp;&nbsp;&nbsp;&nbsp;&nbsp;&nbsp;&nbsp;&nbsp; 24,00 \u20ac<\/li>\n\n\n\n<li>Mitgliedsbeitrag Partner&nbsp;&nbsp;&nbsp;&nbsp;&nbsp;&nbsp;&nbsp;&nbsp;&nbsp;&nbsp;&nbsp;&nbsp;&nbsp;&nbsp;&nbsp;&nbsp;&nbsp;&nbsp;&nbsp;&nbsp;&nbsp;&nbsp;&nbsp;&nbsp;&nbsp;&nbsp;&nbsp;&nbsp;&nbsp;&nbsp;&nbsp;&nbsp;&nbsp;&nbsp;&nbsp;&nbsp;&nbsp;&nbsp;&nbsp; &nbsp;&nbsp;&nbsp;&nbsp;&nbsp;&nbsp;&nbsp;&nbsp;&nbsp;&nbsp; &nbsp;6,00 \u20ac<\/li>\n<\/ul>\n\n\n\n<p>Der auf der Rechnung ausgewiesene Betrag ist bis zum 31. Januar 2025 auf unser untenstehendes Vereinskonto unter Angabe der Gartennummer vollst\u00e4ndig einzuzahlen. Den Gesamtbetrag bitte nicht vor dem 1. Januar 2025 \u00fcberweisen.<\/p>\n\n\n\n<p>Bei Nichteinhaltung des Zahlungstermins wird gem\u00e4\u00df Beschluss der Mitgliederversammlung vom 29.11.2025 ein Mahnzuschlag in H\u00f6he von 30 Euro erhoben.\u00a0\u00a0\u00a0\u00a0\u00a0\u00a0\u00a0\u00a0\u00a0\u00a0\u00a0\u00a0\u00a0\u00a0\u00a0\u00a0\u00a0\u00a0\u00a0\u00a0\u00a0\u00a0 \u00a0<\/p>\n\n\n\n<p class=\"has-medium-font-size\">Dietmar Mengel<\/p>\n\n\n\n<p>Vereinsvorsitzender<\/p>\n\n\n\n<p><\/p>\n","protected":false},"excerpt":{"rendered":"<p>Kassierung 2025-26\u00a0\u00a0\u00a0\u00a0\u00a0\u00a0\u00a0\u00a0\u00a0\u00a0\u00a0\u00a0\u00a0\u00a0\u00a0 Bitterfeld, 09.01.2026 Die Kassierung basiert auf folgenden Einzelwerten: Der auf der Rechnung ausgewiesene Betrag ist bis zum 31. Januar 2025 auf unser untenstehendes Vereinskonto unter Angabe der Gartennummer vollst\u00e4ndig einzuzahlen. Den Gesamtbetrag bitte nicht vor dem 1. Januar 2025 \u00fcberweisen. Bei Nichteinhaltung des Zahlungstermins wird gem\u00e4\u00df Beschluss der Mitgliederversammlung vom 29.11.2025 ein Mahnzuschlag &hellip; <a href=\"https:\/\/vergissmeinnicht-bitterfeld.de\/?page_id=470\" class=\"more-link\"><span class=\"screen-reader-text\">Rechnung &#8211; Kassierung<\/span> weiterlesen <span class=\"meta-nav\">&rarr;<\/span><\/a><\/p>\n","protected":false},"author":1,"featured_media":0,"parent":0,"menu_order":0,"comment_status":"closed","ping_status":"closed","template":"","meta":{"footnotes":""},"_links":{"self":[{"href":"https:\/\/vergissmeinnicht-bitterfeld.de\/index.php?rest_route=\/wp\/v2\/pages\/470"}],"collection":[{"href":"https:\/\/vergissmeinnicht-bitterfeld.de\/index.php?rest_route=\/wp\/v2\/pages"}],"about":[{"href":"https:\/\/vergissmeinnicht-bitterfeld.de\/index.php?rest_route=\/wp\/v2\/types\/page"}],"author":[{"embeddable":true,"href":"https:\/\/vergissmeinnicht-bitterfeld.de\/index.php?rest_route=\/wp\/v2\/users\/1"}],"replies":[{"embeddable":true,"href":"https:\/\/vergissmeinnicht-bitterfeld.de\/index.php?rest_route=%2Fwp%2Fv2%2Fcomments&post=470"}],"version-history":[{"count":9,"href":"https:\/\/vergissmeinnicht-bitterfeld.de\/index.php?rest_route=\/wp\/v2\/pages\/470\/revisions"}],"predecessor-version":[{"id":1898,"href":"https:\/\/vergissmeinnicht-bitterfeld.de\/index.php?rest_route=\/wp\/v2\/pages\/470\/revisions\/1898"}],"wp:attachment":[{"href":"https:\/\/vergissmeinnicht-bitterfeld.de\/index.php?rest_route=%2Fwp%2Fv2%2Fmedia&parent=470"}],"curies":[{"name":"wp","href":"https:\/\/api.w.org\/{rel}","templated":true}]}}