{"id":639,"date":"2020-02-17T15:52:19","date_gmt":"2020-02-17T15:52:19","guid":{"rendered":"http:\/\/vergissmeinnicht-bitterfeld.de\/?page_id=639"},"modified":"2026-03-05T17:00:51","modified_gmt":"2026-03-05T17:00:51","slug":"trinkwassernetz","status":"publish","type":"page","link":"https:\/\/vergissmeinnicht-bitterfeld.de\/?page_id=639","title":{"rendered":"Trinkwasser-Energienetz"},"content":{"rendered":"\n<h2 class=\"wp-block-heading\">Trinkwassernetz<\/h2>\n\n\n<p style=\"text-align: center;\"><span style=\"font-family: 'comic sans ms', sans-serif; font-size: 14pt;\">Das Trinkwasser wird am <span style=\"color: #ff0000;\">28. M\u00e4rz 2026, 9 Uhr <\/span>angestellt, soweit es die Witterung erlaubt.<\/span><\/p>\n<p style=\"text-align: center;\"><span style=\"font-family: arial, helvetica, sans-serif; color: #ff0000; font-size: 18pt;\"><strong><u>Bitte beachten!<\/u><\/strong><\/span><\/p>\n<p>Bitte schlie\u00dfen Sie dazu vorher alle Hauptabsperrarmaturen an der\u00a0 Grundst\u00fccksgrenze und alle Armaturen auf Ihrem Grundst\u00fcck.<\/p>\n<p>An diesem Tag darf keine Wasserentnahme erfolgen, damit unsere mit der Inbetriebnahme t\u00e4tigen Vereinsfreunde schnell einen \u00dcberblick \u00fcber die Dichtheit des Gesamtsystems bekommen. Sollte keine Dichtheit\u00a0 erreicht werden, m\u00fcssen wir das Anstellen abbrechen und verschieben.<\/p>\n<hr \/><hr \/>\n<p>&nbsp;<\/p>\n\n\n<h2 class=\"wp-block-heading\">Energienetz<\/h2>\n\n\n<p style=\"text-align: center;\"><span style=\"text-decoration: underline; font-size: 18pt;\"><strong><span style=\"color: #ff0000; text-decoration: underline;\">Z\u00e4hlerablesung<\/span><\/strong><\/span><\/p>\n<p><span style=\"font-family: arial, helvetica, sans-serif;\">Als Ma\u00dfnahme des Vorstandes zur Minimierung und Kontrolle der Stromverluste wird auch in diesem Fr\u00fchjahr der Z\u00e4hlerstand Strom durch den Vorstand und von ihm bevollm\u00e4chtigte Vereinsmitglieder am 28.03.2026 von 10-12 Uhr abgelesen.<\/span><\/p>\n<p><span style=\"font-family: arial, helvetica, sans-serif;\">Bei Nichtvorliegen der Z\u00e4hlerst\u00e4nde <span style=\"text-decoration: underline;\"><strong><span style=\"color: #ff0000; text-decoration: underline;\">bis zum 31. M\u00e4rz 2026<\/span> <\/strong><\/span>wird gem\u00e4\u00df Beschluss der Mitgliederversammlung eine Mahngeb\u00fchr von 30,- \u20ac erhoben.<\/span><\/p>\n<hr \/><hr \/>\n<p>&nbsp;<\/p>\n\n\n<p>Info zu Stromabschaltungen<\/p>\n\n\n\n<p>In Durchsetzung unserer Ma\u00dfnahmen zur Reduzierung der Stromverluste werden im Zeitraum vom<\/p>\n\n\n\n<p><strong>&nbsp;&nbsp;&nbsp;&nbsp;&nbsp;&nbsp;&nbsp;&nbsp;&nbsp;&nbsp;&nbsp;&nbsp;&nbsp;&nbsp;&nbsp;&nbsp;&nbsp;&nbsp;&nbsp;&nbsp;&nbsp;&nbsp;&nbsp;&nbsp;&nbsp;&nbsp;&nbsp; 15. Juli bis 15. September 2025<\/strong><\/p>\n\n\n\n<p>Zwischenz\u00e4hler in unsere 16 Unterverteilungen durch Fachleute unseres Vereins montiert. Dabei kommt es jeweils im Bereich dieser Unterverteilungen zu kurzzeitigen Stromabschaltungen, die in der Regel ca. 30 Minuten dauern werden. Durch die Montage der Zwischenz\u00e4hler lassen sich Stromverluste besser lokalisieren, da an jeden Unterverteiler ca. acht bis zehn G\u00e4rten angeschlossen sind.<\/p>\n\n\n\n<p>Keine Abschaltungen gibt es<\/p>\n\n\n\n<ul>\n<li>An Sonn- und Feiertagen<\/li>\n\n\n\n<li>Vor 9 Uhr<\/li>\n\n\n\n<li>Zwischen 12 und 14 Uhr<\/li>\n\n\n\n<li>Nach 19 Uhr<\/li>\n<\/ul>\n\n\n\n<p>Wir bitten um Verst\u00e4ndnis f\u00fcr diese Ma\u00dfnahmen.&nbsp;&nbsp;&nbsp;&nbsp;&nbsp;&nbsp;&nbsp;&nbsp;&nbsp;&nbsp;&nbsp;&nbsp;&nbsp;&nbsp;&nbsp;&nbsp;&nbsp;&nbsp;&nbsp;<\/p>\n\n\n\n<p>Bitterfeld, den 5.7.2025<\/p>\n\n\n\n<p><\/p>\n","protected":false},"excerpt":{"rendered":"<p>Trinkwassernetz Das Trinkwasser wird am 28. M\u00e4rz 2026, 9 Uhr angestellt, soweit es die Witterung erlaubt. Bitte beachten! Bitte schlie\u00dfen Sie dazu vorher alle Hauptabsperrarmaturen an der\u00a0 Grundst\u00fccksgrenze und alle Armaturen auf Ihrem Grundst\u00fcck. An diesem Tag darf keine Wasserentnahme erfolgen, damit unsere mit der Inbetriebnahme t\u00e4tigen Vereinsfreunde schnell einen \u00dcberblick \u00fcber die Dichtheit des &hellip; <a href=\"https:\/\/vergissmeinnicht-bitterfeld.de\/?page_id=639\" class=\"more-link\"><span class=\"screen-reader-text\">Trinkwasser-Energienetz<\/span> weiterlesen <span class=\"meta-nav\">&rarr;<\/span><\/a><\/p>\n","protected":false},"author":1,"featured_media":0,"parent":0,"menu_order":0,"comment_status":"closed","ping_status":"closed","template":"","meta":{"footnotes":""},"_links":{"self":[{"href":"https:\/\/vergissmeinnicht-bitterfeld.de\/index.php?rest_route=\/wp\/v2\/pages\/639"}],"collection":[{"href":"https:\/\/vergissmeinnicht-bitterfeld.de\/index.php?rest_route=\/wp\/v2\/pages"}],"about":[{"href":"https:\/\/vergissmeinnicht-bitterfeld.de\/index.php?rest_route=\/wp\/v2\/types\/page"}],"author":[{"embeddable":true,"href":"https:\/\/vergissmeinnicht-bitterfeld.de\/index.php?rest_route=\/wp\/v2\/users\/1"}],"replies":[{"embeddable":true,"href":"https:\/\/vergissmeinnicht-bitterfeld.de\/index.php?rest_route=%2Fwp%2Fv2%2Fcomments&post=639"}],"version-history":[{"count":44,"href":"https:\/\/vergissmeinnicht-bitterfeld.de\/index.php?rest_route=\/wp\/v2\/pages\/639\/revisions"}],"predecessor-version":[{"id":1934,"href":"https:\/\/vergissmeinnicht-bitterfeld.de\/index.php?rest_route=\/wp\/v2\/pages\/639\/revisions\/1934"}],"wp:attachment":[{"href":"https:\/\/vergissmeinnicht-bitterfeld.de\/index.php?rest_route=%2Fwp%2Fv2%2Fmedia&parent=639"}],"curies":[{"name":"wp","href":"https:\/\/api.w.org\/{rel}","templated":true}]}}