{"id":646,"date":"2020-02-17T15:57:35","date_gmt":"2020-02-17T15:57:35","guid":{"rendered":"http:\/\/vergissmeinnicht-bitterfeld.de\/?page_id=646"},"modified":"2026-03-05T16:05:56","modified_gmt":"2026-03-05T16:05:56","slug":"gemeinschaftsarbeit","status":"publish","type":"page","link":"https:\/\/vergissmeinnicht-bitterfeld.de\/?page_id=646","title":{"rendered":"Gemeinschaftsarbeit 2026"},"content":{"rendered":"\n<p>An folgenden Tagen sind in diesem Jahr Eins\u00e4tze geplant:<\/p>\n\n\n\n<p class=\"has-vivid-red-color has-text-color\">   <\/p>\n\n\n\n<figure class=\"wp-block-table\"><table><tbody><tr><td>28. M\u00e4rz<\/td><td>11. April<\/td><td>25. April<\/td><\/tr><tr><td>09. Mai<\/td><td>30. Mai<\/td><td>20. Juni<\/td><\/tr><tr><td>04. Juli<\/td><td>25. Juli<\/td><td>15. August<\/td><\/tr><tr><td>05. September<\/td><td>19. September<\/td><td>10. Oktober<\/td><\/tr><tr><td>24. Oktober<\/td><td>07. November<\/td><td>14. November<\/td><\/tr><\/tbody><\/table><\/figure>\n\n\n\n<p>Die Arbeitseins\u00e4tze sind jeweils sonnabends von 9-12 Uhr. Aus Sicherheitsgr\u00fcnden und zur besseren Koordinierung werden die Arbeitseins\u00e4tze f\u00fcr maximal 15 Personen geplant. Bei schlechtem Wetter fallen die Eins\u00e4tze aus. Die Teilnehmer werfen bitte wegen der Planung vorher einen Zettel in den Briefkasten am Eingang Friedensstra\u00dfe mit dem gew\u00fcnschten Termin, der Gartennummer und der Anzahl der Personen ein. Eine neue Pflichtstundenkarte wird beim Arbeitseinsatz ausgegeben, die Karte aus vorigen Jahren kann noch genutzt werden. F\u00fcr die Teilnehmer an der Gemeinschaftsarbeit besteht Versicherungsschutz, Mindestalter 14 Jahre. In Einzelf\u00e4llen k\u00f6nnen spezielle Termine mit dem Vorstand vereinbart werden.<\/p>\n","protected":false},"excerpt":{"rendered":"<p>An folgenden Tagen sind in diesem Jahr Eins\u00e4tze geplant: 28. M\u00e4rz 11. April 25. April 09. Mai 30. Mai 20. Juni 04. Juli 25. Juli 15. August 05. September 19. September 10. Oktober 24. Oktober 07. November 14. November Die Arbeitseins\u00e4tze sind jeweils sonnabends von 9-12 Uhr. Aus Sicherheitsgr\u00fcnden und zur besseren Koordinierung werden die &hellip; <a href=\"https:\/\/vergissmeinnicht-bitterfeld.de\/?page_id=646\" class=\"more-link\"><span class=\"screen-reader-text\">Gemeinschaftsarbeit 2026<\/span> weiterlesen <span class=\"meta-nav\">&rarr;<\/span><\/a><\/p>\n","protected":false},"author":1,"featured_media":0,"parent":0,"menu_order":0,"comment_status":"closed","ping_status":"closed","template":"","meta":{"footnotes":""},"_links":{"self":[{"href":"https:\/\/vergissmeinnicht-bitterfeld.de\/index.php?rest_route=\/wp\/v2\/pages\/646"}],"collection":[{"href":"https:\/\/vergissmeinnicht-bitterfeld.de\/index.php?rest_route=\/wp\/v2\/pages"}],"about":[{"href":"https:\/\/vergissmeinnicht-bitterfeld.de\/index.php?rest_route=\/wp\/v2\/types\/page"}],"author":[{"embeddable":true,"href":"https:\/\/vergissmeinnicht-bitterfeld.de\/index.php?rest_route=\/wp\/v2\/users\/1"}],"replies":[{"embeddable":true,"href":"https:\/\/vergissmeinnicht-bitterfeld.de\/index.php?rest_route=%2Fwp%2Fv2%2Fcomments&post=646"}],"version-history":[{"count":20,"href":"https:\/\/vergissmeinnicht-bitterfeld.de\/index.php?rest_route=\/wp\/v2\/pages\/646\/revisions"}],"predecessor-version":[{"id":1932,"href":"https:\/\/vergissmeinnicht-bitterfeld.de\/index.php?rest_route=\/wp\/v2\/pages\/646\/revisions\/1932"}],"wp:attachment":[{"href":"https:\/\/vergissmeinnicht-bitterfeld.de\/index.php?rest_route=%2Fwp%2Fv2%2Fmedia&parent=646"}],"curies":[{"name":"wp","href":"https:\/\/api.w.org\/{rel}","templated":true}]}}