{"id":76,"date":"2015-07-12T15:26:51","date_gmt":"2015-07-12T15:26:51","guid":{"rendered":"http:\/\/vergissmeinnicht-bitterfeld.de\/?page_id=76"},"modified":"2026-02-15T16:12:54","modified_gmt":"2026-02-15T16:12:54","slug":"vereinsgeschichte","status":"publish","type":"page","link":"https:\/\/vergissmeinnicht-bitterfeld.de\/?page_id=76","title":{"rendered":"Vereinsgeschichte"},"content":{"rendered":"<p><strong><u>Unser Kleingartenverein- Wissenswerte<\/u><\/strong><strong><u>s<\/u><\/strong><\/p>\n<ul>\n<li>Gr\u00fcndung im Jahr 1924 mit \u00fcber 300 Parzellen s\u00fcdlich der Berliner Stra\u00dfe auf dem Gel\u00e4nde des jetzigen Stadthafens<\/li>\n<li>1977 nach \u00dcberbaggerung des bisherigen Standortesneuer Standort mit 117 Parzellen von je 300 m\u00b2 auf einem Acker hinter dem ehemaligem Wasserwerk<\/li>\n<li>1986 Erweiterung der Anlage um weitere 24 Parzellen auf dem Feld zwischen der Altanlage bis zur B 100<\/li>\n<li>1994 von der Stadt Bitterfeld als Dauerkleingartenanlage best\u00e4tigt und im Fl\u00e4chennutzungsplan als solche ausgewiesen<\/li>\n<li>Gr\u00f6\u00dfe der Anlage: 6 ha, 141 Parzellen, 208 Mitglieder, davon 75 Frauen<\/li>\n<li>17.August 2002 \u00dcberflutung der gesamten Gartenanlage durch das Muldehochwasser bis zu 1,30 m. Sch\u00e4den an den Vereinsanlagen besonders am Vereinshaus \u00fcber 250.000 \u20ac (Wiederaufbau innerhalb von 2 Jahren durch gro\u00dfz\u00fcgige Unterst\u00fctzung durch Bund, Land, Landkreis, Stadt Bitterfeld, Vereinsmitglieder und sonstige Spenden)<\/li>\n<li>2003 Abschluss eines Pflegevertrages mit der Stadt Bitterfeld zur Pflege der an die Gartenanlage angrenzenden 5 Gr\u00fcnfl\u00e4chen ( ca. 1500 m\u00b2)<\/li>\n<li>2011 Auszeichnung mit dem Pokal des Regionalverbandes der Gartenfreunde Bitterfeld-Wolfen und Umland als beste naturnahe Kleingartenanlage des Altkreises Bitterfeld und im Jahr 2012 mit dem 2. Platz und 2015 mit dem 3. Platz in diesem Wettbewerb<\/li>\n<li>2012 Vertrag mit der &#8222;Goitzsche Grund- und Immobilien GmbH &amp; Co KG&#8220; \u00fcber die Benutzung des vereinseigenen Kinderspielplatzes durch die Anwohner des neuen Wohngebietes &#8222;Am Wasserzentrum&#8220; Bitterfeld<\/li>\n<li>2013 und 2016 Grundinstandsetzung des vereinseigenen, \u00f6ffentlichen Kinderspielplatzes<\/li>\n<li>2013 im Rahmen des Wettbewerbes &#8222;Gemeinsam g\u00e4rtnern &#8211; gemeinsam lernen&#8220; um die besten Kleingartenvereine des Landes Sachsen-Anhalt errangen wir den 3. Platz<\/li>\n<li>Im Juli 2013 drehte und sendete das MDR-Fernsehen einen Beitrag der<br \/>\nSendereihe &#8222;Speed-Dating&#8220; \u00fcber unser Vereinsleben<\/li>\n<li>2014 Teilnahme am Bundeswettbewerb &#8222;G\u00e4rten im St\u00e4dtebau&#8220; dazu die<br \/>\n\u00dcberpr\u00fcfung am 2. Juli 2014 durch eine Kommission des Bundesverbandes und im Ergebnis Auszeichnung mit dem \u201eBronze&#8220;- Pokal am 22.11.2014 in Berlin<\/li>\n<li>8. November 2014 Auszeichnung des Vereinsvorsitzenden Dietmar Mengel durch den Landesverband zum &#8222;Tag des Ehrenamtes&#8220; in Neugattersleben<\/li>\n<li>2023 wurde unser Spielplatz mit eigenen finanziellen Mitteln und Kr\u00e4ften grundsaniert. Unter anderem wurde der Kletterturm instand gesetzt, der Sand im gro\u00dfen Sandkasten ausgetauscht und Malerarbeiten durchgef\u00fchrt.<\/li>\n<li>Wir feierten vom 21. bis 23. Juni 2024 den 100. Geburtstag. Oberb\u00fcrgermeister Armin Schenk kam mit einem Scheck \u00fcber 100 \u20ac f\u00fcr unseren Verein.<\/li>\n<li>Am 30.06.2024 nahmen wir am gro\u00dfen Festumzug zur 800 Jahrfeier von Bitterfeld als einziger Kleingartenverein teil.<\/li>\n<\/ul>\n<p>&nbsp;<\/p>\n","protected":false},"excerpt":{"rendered":"<p>Unser Kleingartenverein- Wissenswertes Gr\u00fcndung im Jahr 1924 mit \u00fcber 300 Parzellen s\u00fcdlich der Berliner Stra\u00dfe auf dem Gel\u00e4nde des jetzigen Stadthafens 1977 nach \u00dcberbaggerung des bisherigen Standortesneuer Standort mit 117 Parzellen von je 300 m\u00b2 auf einem Acker hinter dem ehemaligem Wasserwerk 1986 Erweiterung der Anlage um weitere 24 Parzellen auf dem Feld zwischen der &hellip; <a href=\"https:\/\/vergissmeinnicht-bitterfeld.de\/?page_id=76\" class=\"more-link\"><span class=\"screen-reader-text\">Vereinsgeschichte<\/span> weiterlesen <span class=\"meta-nav\">&rarr;<\/span><\/a><\/p>\n","protected":false},"author":1,"featured_media":0,"parent":0,"menu_order":0,"comment_status":"closed","ping_status":"open","template":"","meta":{"footnotes":""},"_links":{"self":[{"href":"https:\/\/vergissmeinnicht-bitterfeld.de\/index.php?rest_route=\/wp\/v2\/pages\/76"}],"collection":[{"href":"https:\/\/vergissmeinnicht-bitterfeld.de\/index.php?rest_route=\/wp\/v2\/pages"}],"about":[{"href":"https:\/\/vergissmeinnicht-bitterfeld.de\/index.php?rest_route=\/wp\/v2\/types\/page"}],"author":[{"embeddable":true,"href":"https:\/\/vergissmeinnicht-bitterfeld.de\/index.php?rest_route=\/wp\/v2\/users\/1"}],"replies":[{"embeddable":true,"href":"https:\/\/vergissmeinnicht-bitterfeld.de\/index.php?rest_route=%2Fwp%2Fv2%2Fcomments&post=76"}],"version-history":[{"count":9,"href":"https:\/\/vergissmeinnicht-bitterfeld.de\/index.php?rest_route=\/wp\/v2\/pages\/76\/revisions"}],"predecessor-version":[{"id":1910,"href":"https:\/\/vergissmeinnicht-bitterfeld.de\/index.php?rest_route=\/wp\/v2\/pages\/76\/revisions\/1910"}],"wp:attachment":[{"href":"https:\/\/vergissmeinnicht-bitterfeld.de\/index.php?rest_route=%2Fwp%2Fv2%2Fmedia&parent=76"}],"curies":[{"name":"wp","href":"https:\/\/api.w.org\/{rel}","templated":true}]}}